{"id":1776,"date":"2017-10-20T10:58:21","date_gmt":"2017-10-20T08:58:21","guid":{"rendered":"https:\/\/hattinger-buero.de\/?page_id=1776"},"modified":"2024-08-02T14:50:49","modified_gmt":"2024-08-02T12:50:49","slug":"our-clients","status":"publish","type":"page","link":"https:\/\/hattinger-buero.de\/en\/references\/our-clients\/","title":{"rendered":"Our Clients"},"content":{"rendered":"<div class=\"wpb-content-wrapper\"><p>[vc_row margin_bottom=&#8221;22&#8243;][vc_column][vc_column_text]<\/p>\n<h1 style=\"text-align: center;\">Our clients<\/h1>\n<p>[\/vc_column_text][vc_column_text css=&#8221;.vc_custom_1508489843162{margin-top: -13px !important;}&#8221;]<\/p>\n<h2 style=\"text-align: center;\">Whether SMEs, corporations or universities and research facilities \u2013<br \/>\nour client landscape is diverse and international.<\/h2>\n<p>[\/vc_column_text][vc_separator color=&#8221;custom&#8221; border_width=&#8221;2&#8243; el_width=&#8221;10&#8243; css=&#8221;.vc_custom_1506517938859{margin-top: -7px !important;}&#8221; accent_color=&#8221;#02649c&#8221;][\/vc_column][\/vc_row][vc_row][vc_column width=&#8221;1\/6&#8243;][\/vc_column][vc_column width=&#8221;2\/3&#8243;][vc_column_text]<span style=\"color: #262b2e;\">Among others, we are working with and for\u2026<\/span>[\/vc_column_text][vc_row_inner css=&#8221;.vc_custom_1506518578529{margin-top: -20px !important;}&#8221;][vc_column_inner][vc_column_text]Aggerverband | August R\u00fcggeberg | Bilstein Group | Bundesamt f\u00fcr Sicherheit in der Informationstechnik BSI | Centrum f\u00fcr Hochschulentwicklung | DFG | Forschungszentrum J\u00fclich | GEA Group | Hochschule D\u00fcsseldorf | Hochschule Neu-Ulm | Hochschule Rhein-Waal | Hochschule Ruhr-West | Iteratec | Kostal | MAN Energy Solutions | Melitta | NBW-Verlag | Projekttr\u00e4ger J\u00fclich | REWE | Rheinmetall | Ruhr-Uni Bochum | RWTH Aachen | Siegenia-Aubi | SIHK Hagen | SRH | Stadt Bochum | Stadt Wesel | Startpunkt 57 | Takko Fashion | TU Dortmund | Uniklinik K\u00f6ln | Uniklinik Heidelberg | Universit\u00e4t Bochum | Universit\u00e4t Duisburg-Essen | Universit\u00e4t zu K\u00f6ln | Universit\u00e4t Magdeburg | Vodafone | VW | WST Pr\u00e4zisionstechnik | Zalando[\/vc_column_text][\/vc_column_inner][\/vc_row_inner][\/vc_column][vc_column width=&#8221;1\/6&#8243;][\/vc_column][\/vc_row][vc_row][vc_column][vc_empty_space height=&#8221;5px&#8221;][\/vc_column][\/vc_row]<\/p>\n<\/div>","protected":false},"excerpt":{"rendered":"<p>[vc_row margin_bottom=&#8221;22&#8243;][vc_column][vc_column_text] Our clients [\/vc_column_text][vc_column_text css=&#8221;.vc_custom_1508489843162{margin-top: -13px !important;}&#8221;] Whether SMEs, corporations or universities and research facilities \u2013 our client landscape is diverse and international. [\/vc_column_text][vc_separator color=&#8221;custom&#8221; border_width=&#8221;2&#8243; el_width=&#8221;10&#8243; css=&#8221;.vc_custom_1506517938859{margin-top: -7px !important;}&#8221; accent_color=&#8221;#02649c&#8221;][\/vc_column][\/vc_row][vc_row][vc_column width=&#8221;1\/6&#8243;][\/vc_column][vc_column width=&#8221;2\/3&#8243;][vc_column_text]Among others, we are working with and for\u2026[\/vc_column_text][vc_row_inner css=&#8221;.vc_custom_1506518578529{margin-top: -20px !important;}&#8221;][vc_column_inner][vc_column_text]Aggerverband | August R\u00fcggeberg | Bilstein Group | Bundesamt f\u00fcr Sicherheit in&hellip;<\/p>\n","protected":false},"author":1,"featured_media":0,"parent":1774,"menu_order":1,"comment_status":"closed","ping_status":"closed","template":"","meta":{"_acf_changed":false,"footnotes":""},"class_list":["post-1776","page","type-page","status-publish","hentry","description-off"],"acf":[],"aioseo_notices":[],"_links":{"self":[{"href":"https:\/\/hattinger-buero.de\/en\/wp-json\/wp\/v2\/pages\/1776","targetHints":{"allow":["GET"]}}],"collection":[{"href":"https:\/\/hattinger-buero.de\/en\/wp-json\/wp\/v2\/pages"}],"about":[{"href":"https:\/\/hattinger-buero.de\/en\/wp-json\/wp\/v2\/types\/page"}],"author":[{"embeddable":true,"href":"https:\/\/hattinger-buero.de\/en\/wp-json\/wp\/v2\/users\/1"}],"replies":[{"embeddable":true,"href":"https:\/\/hattinger-buero.de\/en\/wp-json\/wp\/v2\/comments?post=1776"}],"version-history":[{"count":0,"href":"https:\/\/hattinger-buero.de\/en\/wp-json\/wp\/v2\/pages\/1776\/revisions"}],"up":[{"embeddable":true,"href":"https:\/\/hattinger-buero.de\/en\/wp-json\/wp\/v2\/pages\/1774"}],"wp:attachment":[{"href":"https:\/\/hattinger-buero.de\/en\/wp-json\/wp\/v2\/media?parent=1776"}],"curies":[{"name":"wp","href":"https:\/\/api.w.org\/{rel}","templated":true}]}}