{"id":2314,"date":"2018-05-24T15:37:28","date_gmt":"2018-05-24T13:37:28","guid":{"rendered":"https:\/\/hattinger-buero.de\/?page_id=2314"},"modified":"2018-05-24T15:51:06","modified_gmt":"2018-05-24T13:51:06","slug":"general-terms-and-conditions","status":"publish","type":"page","link":"https:\/\/hattinger-buero.de\/en\/general-terms-and-conditions\/","title":{"rendered":"General Terms and Conditions"},"content":{"rendered":"<div class=\"wpb-content-wrapper\"><p>[vc_row][vc_column][vc_column_text]<\/p>\n<h1 style=\"text-align: center;\">General Terms and Conditions HATTINGER B\u00dcRO GmbH<\/h1>\n<p>[\/vc_column_text][vc_separator color=&#8221;custom&#8221; border_width=&#8221;2&#8243; el_width=&#8221;10&#8243; accent_color=&#8221;#02649c&#8221; css=&#8221;.vc_custom_1506589698296{margin-top: -9px !important;}&#8221;][vc_empty_space height=&#8221;22px&#8221;][\/vc_column][\/vc_row][vc_row margin_top=&#8221;-30&#8243;][vc_column width=&#8221;1\/6&#8243; css=&#8221;.vc_custom_1470078318430{margin-top: 64px !important;}&#8221;][\/vc_column][vc_column width=&#8221;2\/3&#8243;][vc_column_text]<\/p>\n<div class=\"entry-content\">\n<div class=\"entry-content\">\n<p><strong>Section\u00a01 Scope<\/strong><\/p>\n<p>(1) The following \u201cGeneral Terms and Conditions\u201d (hereinafter referred to as the \u201cterms and conditions\u201d) shall apply to all legal transactions between HATTINGER B\u00dcRO GmbH and its clients, unless required otherwise by law. These terms and conditions shall also apply to all future contractual relations with the client, even if this is not expressly stated in additional contracts.<\/p>\n<p>(2) If the client also uses terms and conditions, the contract shall take effect even without explicit agreement on the inclusion of the terms and conditions. As far as the contents of the different terms and conditions are identical, they shall be deemed as agreed upon. Contradictory individual provisions shall be replaced by the provisions of non-mandatory law. This shall also apply in the event that the terms and conditions of the client contain provisions which are not included in scope of these terms and conditions.<\/p>\n<p><strong>Section\u00a02 Service <\/strong><\/p>\n<p>(1) The activities of HATTINGER B\u00dcRO GmbH consist \u2013 unless agreed otherwise in individual cases \u2013 of independent and unsupervised consulting services (e.g. coaching, moderation, training) as a service provider for the client and their employees.<\/p>\n<p>(2) The information contained in the written individual quotation documents shall be the sole basis for the services to be provided by the contractor. The subject matter of the contract shall be the agreed service, not the achievement of a specific success. In particular, no specific economic result shall be owed.<\/p>\n<p>(3) The scope, form, subject matter and objective of the consulting services shall be specified in detail in the respective contract between the client and HATTINGER B\u00dcRO GmbH.<\/p>\n<p>(4) After agreement with the client, the contractor is entitled to call in qualified freelancers who are associated with HATTINGER B\u00dcRO GmbH by means of contractual cooperation. In these cases, the business relationship shall continue to exist between HATTINGER B\u00dcRO GmbH and the client, unless otherwise agreed.<\/p>\n<p>(5) Updates and modifications of quotations and contracts shall be specified by both parties in writing and, as an additional agreement, shall become part of the contractual relationship between HATTINGER B\u00dcRO GmbH and the client.<\/p>\n<p><strong>Section\u00a03 Obligation of the client to cooperate <\/strong><\/p>\n<p>(1) The client shall carefully examine the quotation documents before awarding the contract. By signing and returning the quotation or by conclusive action, the client bindingly accepts it.<\/p>\n<p>(2) The client shall ensure that the organisational framework conditions for fulfilling the consulting contract allow for undisturbed work that supports a rapid progress of the consulting process.<\/p>\n<p>(3) The client shall ensure that the contractor is informed as comprehensively, accurately and timely as possible about the data required for the delivery of the contractual services (e.g. organisational structure, current situation of the client). If the client fails to fulfil all or part of their duties of cooperation at the request of HATTINGER B\u00dcRO GmbH, HATTINGER B\u00dcRO GmbH shall be entitled, but not obliged to terminate the contract without notice. In this case, HATTINGER B\u00dcRO GmbH may charge the client either for the services actually provided up to the date of termination or alternatively for the agreed or forecasted total compensation, less the disbursements saved due to the premature termination of the contract.<\/p>\n<p><strong>Section\u00a04 Confidentiality, data protection <\/strong><\/p>\n<p>(1) HATTINGER B\u00dcRO GmbH and the client are obliged to keep confidential any trade and business secrets as well as other issues of the other party that require confidentiality and protection and that are entrusted or made known during or in connection with the fulfilment of the contract, and to use them only for the purpose of the fulfilment of the contract. The obligation to maintain confidentiality shall not apply to information that is generally known or becomes known through no fault of the contract partner bound by an obligation of confidentiality. Further legal obligations to maintain confidentiality shall remain unaffected.<\/p>\n<p>(2) The contracting parties shall secure data in particular against unauthorised access and make them available to third parties only with the consent of the other contracting party.<\/p>\n<\/div>\n<p>(3) The confidentiality obligation shall remain in force even after termination of the contract.<\/p>\n<p><strong>Section\u00a05 Fees and costs <\/strong><\/p>\n<p>(1) For the services of HATTINGER B\u00dcRO GmbH a daily, hourly or flat-rate fee shall be agreed. Travel and accommodation costs will be charged separately.<\/p>\n<p>(2) All the fees and costs are exclusive of the value added tax applicable at the time of the service.<\/p>\n<p><strong>Section\u00a06 Terms of Payment <\/strong><\/p>\n<p>(3) HATTINGER B\u00dcRO GmbH shall be entitled to interim billing according to the progress of work and to issue corresponding partial invoices.<\/p>\n<p>(4) Invoices shall be paid net within 8 days \u2013 unless otherwise agreed in the framework contract. If the invoice amount is not received on the account of HATTINGER B\u00dcRO GmbH within 8 days after the invoice date, HATTINGER B\u00dcRO GmbH shall be entitled to charge default interest of 8.27% p.a. without further reminder according to section 286 of the German Civil Code BGB.<\/p>\n<p><strong>Section\u00a07 Cancellation of events\/consulting services <\/strong><\/p>\n<p>(1) Cancellations must always be made in writing. Appointments for tasks that were confirmed in writing can be cancelled according to the following rules.<\/p>\n<p>(2) If events are cancelled, we will charge:<\/p>\n<p>&#8211; from 4 weeks prior to an agreed date onwards: 50%<\/p>\n<p>&#8211; from 2 weeks prior to an agreed date onwards: 100%<\/p>\n<p>of the agreed contract volume.<\/p>\n<p>(3) If training sessions are cancelled, we will charge:<\/p>\n<p>&#8211; from 2 weeks prior to an agreed date onwards: 50%<\/p>\n<p>&#8211; from 3 days prior to an agreed date onwards: 100%<\/p>\n<p>of the agreed consultation fee.<\/p>\n<p>(4) Training rebookings shall not be considered as a replacement for cancellation fees.<\/p>\n<p>(5) If the client does not make use of the full service, they shall not be entitled to a refund of the part of the service they have not made use of.<\/p>\n<p>(6) In case of a cancellation of an event due to force majeure (e.g. illness of the trainer), HATTINGER B\u00dcRO GmbH shall endeavour to provide a replacement (trainer or appointment) even at short notice. Further claims against HATTINGER B\u00dcRO GmbH can only be asserted if intent or gross negligence is proved.<\/p>\n<p><strong>Section\u00a08 Neutrality obligation<\/strong><\/p>\n<p>(1) The seminars and consulting services of HATTINGER B\u00dcRO GmbH are based on a sound scientific foundation \u2013 not on ideologies or the cult of a sect. Therefore, we strongly distance ourselves from organisations such as Scientology and refuse to cooperate with this or similar organisations as well as with companies and trainers associated with them.<\/p>\n<p>(2) We declare that HATTINGER B\u00dcRO GmbH does not work according to any method established by L. Ron Hubbard and\/or according to any other methods associated with Hubbard and that we reject these methods unequivocally.<\/p>\n<p>(3) We do not maintain any business relationships with persons, companies or organisations who advocate the introduction of the methods of L. Ron Hubbard or who support the dissemination of these methods.<\/p>\n<p><strong>Section\u00a09 Protection of intellectual property and copyright <\/strong><\/p>\n<p>(1) The client acknowledges the copyright of HATTINGER B\u00dcRO GmbH in the works created by them (quotations, service descriptions, consultation architecture, concepts, presentations, training documents etc.).<\/p>\n<p>(2) The copyright of the coaching, training and consulting concepts as well as participant handouts is the sole property of HATTINGER B\u00dcRO GmbH.<\/p>\n<p>The client undertakes not to reproduce at any time or under any circumstances any expertise that is subject matter of the contract and is generated during or brought into the contract fulfilment, be it photomechanically or electronically. It may not be passed on to third parties.<\/p>\n<p><strong>Section\u00a010 Severability Clause <\/strong><\/p>\n<p>(1) In the event that individual provisions of the terms and conditions should be invalid, void or declared invalid, this shall not affect the remaining provisions. The invalid or void provisions shall be replaced by a provision which operatively comes as close as possible to the intended purpose of the contract, in good faith and taking into account the legitimate interests of both contracting parties.<\/p>\n<p><strong>Section\u00a011 Place of jurisdiction <\/strong><\/p>\n<p>(1) The place of jurisdiction shall be the responsible district court of Essen. The laws of the Federal Republic of Germany shall apply.<\/p>\n<p>As of: September 2015<\/p>\n<\/div>\n<p>[\/vc_column_text][\/vc_column][vc_column width=&#8221;1\/6&#8243;][\/vc_column][\/vc_row][vc_row][vc_column][vc_empty_space height=&#8221;5px&#8221;][\/vc_column][\/vc_row]<\/p>\n<\/div>","protected":false},"excerpt":{"rendered":"<p>[vc_row][vc_column][vc_column_text] General Terms and Conditions HATTINGER B\u00dcRO GmbH [\/vc_column_text][vc_separator color=&#8221;custom&#8221; border_width=&#8221;2&#8243; el_width=&#8221;10&#8243; accent_color=&#8221;#02649c&#8221; css=&#8221;.vc_custom_1506589698296{margin-top: -9px !important;}&#8221;][vc_empty_space height=&#8221;22px&#8221;][\/vc_column][\/vc_row][vc_row margin_top=&#8221;-30&#8243;][vc_column width=&#8221;1\/6&#8243; css=&#8221;.vc_custom_1470078318430{margin-top: 64px !important;}&#8221;][\/vc_column][vc_column width=&#8221;2\/3&#8243;][vc_column_text] Section\u00a01 Scope (1) The following \u201cGeneral Terms and Conditions\u201d (hereinafter referred to as the \u201cterms and conditions\u201d) shall apply to all legal transactions between HATTINGER B\u00dcRO GmbH and its clients, unless required&hellip;<\/p>\n","protected":false},"author":1,"featured_media":0,"parent":0,"menu_order":25,"comment_status":"closed","ping_status":"closed","template":"","meta":{"_acf_changed":false,"footnotes":""},"class_list":["post-2314","page","type-page","status-publish","hentry","description-off"],"acf":[],"aioseo_notices":[],"_links":{"self":[{"href":"https:\/\/hattinger-buero.de\/en\/wp-json\/wp\/v2\/pages\/2314","targetHints":{"allow":["GET"]}}],"collection":[{"href":"https:\/\/hattinger-buero.de\/en\/wp-json\/wp\/v2\/pages"}],"about":[{"href":"https:\/\/hattinger-buero.de\/en\/wp-json\/wp\/v2\/types\/page"}],"author":[{"embeddable":true,"href":"https:\/\/hattinger-buero.de\/en\/wp-json\/wp\/v2\/users\/1"}],"replies":[{"embeddable":true,"href":"https:\/\/hattinger-buero.de\/en\/wp-json\/wp\/v2\/comments?post=2314"}],"version-history":[{"count":0,"href":"https:\/\/hattinger-buero.de\/en\/wp-json\/wp\/v2\/pages\/2314\/revisions"}],"wp:attachment":[{"href":"https:\/\/hattinger-buero.de\/en\/wp-json\/wp\/v2\/media?parent=2314"}],"curies":[{"name":"wp","href":"https:\/\/api.w.org\/{rel}","templated":true}]}}